{"id":69,"date":"2021-09-20T17:31:22","date_gmt":"2021-09-20T17:31:22","guid":{"rendered":"https:\/\/wordpressriverthemes.com\/earna\/?page_id=69"},"modified":"2025-02-22T19:27:27","modified_gmt":"2025-02-22T19:27:27","slug":"contact","status":"publish","type":"page","link":"https:\/\/lams-consulting.com\/de\/contact\/","title":{"rendered":"Contact"},"content":{"rendered":"\t\t<div data-elementor-type=\"wp-page\" data-elementor-id=\"69\" class=\"elementor elementor-69\" data-elementor-post-type=\"page\">\n\t\t\t\t\t\t<section class=\"elementor-section elementor-top-section elementor-element elementor-element-d57d214 elementor-section-boxed elementor-section-height-default elementor-section-height-default\" data-id=\"d57d214\" data-element_type=\"section\" data-e-type=\"section\">\n\t\t\t\t\t\t<div class=\"elementor-container elementor-column-gap-default\">\n\t\t\t\t\t<div class=\"elementor-column elementor-col-33 elementor-top-column elementor-element elementor-element-56add6d\" data-id=\"56add6d\" data-element_type=\"column\" data-e-type=\"column\">\n\t\t\t<div class=\"elementor-widget-wrap elementor-element-populated\">\n\t\t\t\t\t\t<div class=\"elementor-element elementor-element-381fce7 elementor-widget elementor-widget-text-editor\" data-id=\"381fce7\" data-element_type=\"widget\" data-e-type=\"widget\" data-widget_type=\"text-editor.default\">\n\t\t\t\t<div class=\"elementor-widget-container\">\n\t\t\t\t\t\t\t\t\t<h2 style=\"text-align: center;\"><span style=\"color: #ffffff;\">CONTACT:<\/span><\/h2>\n<p style=\"text-align: left;\" data-start=\"131\" data-end=\"335\">Vous souhaitez en savoir plus sur nos services de conseil en Achats ou b\u00e9n\u00e9ficier de notre accompagnement ? Remplissez le formulaire ci-dessous, et notre \u00e9quipe vous r\u00e9pondra dans les plus brefs d\u00e9lais.<\/p>\n<p data-start=\"337\" data-end=\"444\">Pour toute demande sp\u00e9cifique, vous pouvez \u00e9galement nous contacter directement par e-mail ou t\u00e9l\u00e9phone :<\/p>\n<p data-start=\"446\" data-end=\"640\">\ud83d\udce7 <strong data-start=\"449\" data-end=\"470\">Contact g\u00e9n\u00e9ral :<\/strong> <a rel=\"noopener\" data-start=\"471\" data-end=\"536\">contact@lams-consulting.com<\/a><br data-start=\"536\" data-end=\"539\">\ud83d\udce7 <strong data-start=\"542\" data-end=\"582\">Recrutement de profils consultants :<\/strong> <a rel=\"noopener\" data-start=\"583\" data-end=\"638\">rh@lams-consulting.com<\/a><\/p>\n<p data-start=\"642\" data-end=\"783\">\ud83d\udccd <strong data-start=\"645\" data-end=\"658\">Adresse :<\/strong> Kip\u00e9, Commune de Ratoma, R\u00e9publique de Guin\u00e9e<br data-start=\"704\" data-end=\"707\">\ud83d\udcde <strong data-start=\"710\" data-end=\"725\">T\u00e9l\u00e9phone :<\/strong> +224 627 94 86 49<br data-start=\"743\" data-end=\"746\">\ud83d\udcac <strong data-start=\"749\" data-end=\"763\">WhatsApp :<\/strong>&nbsp;<span style=\"background-color: var( --e-global-color-primary );\">+224 627 94 86 49 \/&nbsp;<\/span><span style=\"background-color: var( --e-global-color-primary );\">+33 6 99 09 59 74<\/span><\/p>\n<p data-start=\"785\" data-end=\"828\">Nous avons h\u00e2te de collaborer avec vous !<\/p>\t\t\t\t\t\t\t\t<\/div>\n\t\t\t\t<\/div>\n\t\t\t\t\t<\/div>\n\t\t<\/div>\n\t\t\t\t<div class=\"elementor-column elementor-col-66 elementor-top-column elementor-element elementor-element-6e38dc8\" data-id=\"6e38dc8\" data-element_type=\"column\" data-e-type=\"column\">\n\t\t\t<div class=\"elementor-widget-wrap elementor-element-populated\">\n\t\t\t\t\t\t<div class=\"elementor-element elementor-element-2d9b625 fluent-form-widget-step-header-yes fluent-form-widget-step-progressbar-yes fluentform-widget-submit-button-custom elementor-widget elementor-widget-fluent-form-widget\" data-id=\"2d9b625\" data-element_type=\"widget\" data-e-type=\"widget\" data-widget_type=\"fluent-form-widget.default\">\n\t\t\t\t<div class=\"elementor-widget-container\">\n\t\t\t\t\t\n            <div class=\"fluentform-widget-wrapper fluentform-widget-align-default\">\n\n            \n            <div class='fluentform ff-default fluentform_wrapper_1 ffs_default_wrap'><form data-form_id=\"1\" id=\"fluentform_1\" class=\"frm-fluent-form fluent_form_1 ff-el-form-top ff_form_instance_1_1 ff-form-loading ffs_default\" data-form_instance=\"ff_form_instance_1_1\" method=\"POST\" ><fieldset  style=\"border: none!important;margin: 0!important;padding: 0!important;background-color: transparent!important;box-shadow: none!important;outline: none!important; min-inline-size: 100%;\">\n                    <legend class=\"ff_screen_reader_title\" style=\"display: block; margin: 0!important;padding: 0!important;height: 0!important;text-indent: -999999px;width: 0!important;overflow:hidden;\">Contact Form home<\/legend><input type='hidden' name='__fluent_form_embded_post_id' value='69' \/><input type=\"hidden\" id=\"_fluentform_1_fluentformnonce\" name=\"_fluentform_1_fluentformnonce\" value=\"935c1d1842\" \/><input type=\"hidden\" name=\"_wp_http_referer\" value=\"\/de\/wp-json\/wp\/v2\/pages\/69\" \/><div data-type=\"name-element\" data-name=\"names\" class=\" ff-field_container ff-name-field-wrapper\" ><div class='ff-t-container'><div class='ff-t-cell '><div class='ff-el-group'><div class=\"ff-el-input--label ff-el-is-required asterisk-right\"><label for='ff_1_names_first_name_' id='label_ff_1_names_first_name_' >pr\u00e9nom<\/label><\/div><div class='ff-el-input--content'><input type=\"text\" name=\"names[first_name]\" id=\"ff_1_names_first_name_\" class=\"ff-el-form-control\" placeholder=\"Pr\u00e9nom\" aria-invalid=\"false\" aria-required=true><\/div><\/div><\/div><div class='ff-t-cell '><div class='ff-el-group'><div class=\"ff-el-input--label ff-el-is-required asterisk-right\"><label for='ff_1_names_last_name_' id='label_ff_1_names_last_name_' >nom<\/label><\/div><div class='ff-el-input--content'><input type=\"text\" name=\"names[last_name]\" id=\"ff_1_names_last_name_\" class=\"ff-el-form-control\" placeholder=\"nom\" aria-invalid=\"false\" aria-required=true><\/div><\/div><\/div><\/div><\/div><div class='ff-el-group'><div class=\"ff-el-input--label ff-el-is-required asterisk-right\"><label for='ff_1_email' id='label_ff_1_email' aria-label=\"Email\">Email<\/label><\/div><div class='ff-el-input--content'><input type=\"email\" name=\"email\" id=\"ff_1_email\" class=\"ff-el-form-control\" placeholder=\"Email Address\" data-name=\"email\"  aria-invalid=\"false\" aria-required=true><\/div><\/div><div class='ff-el-group'><div class=\"ff-el-input--label ff-el-is-required asterisk-right\"><label for='ff_1_subject' id='label_ff_1_subject' aria-label=\"objet du contact\">objet du contact<\/label><\/div><div class='ff-el-input--content'><input type=\"text\" name=\"subject\" class=\"ff-el-form-control\" placeholder=\"Subject\" data-name=\"subject\" id=\"ff_1_subject\"  aria-invalid=\"false\" aria-required=true><\/div><\/div><div class='ff-el-group'><div class=\"ff-el-input--label asterisk-right\"><label for='ff_1_input_text' id='label_ff_1_input_text' aria-label=\"Nom de votre entreprise\">Nom de votre entreprise<\/label><\/div><div class='ff-el-input--content'><input type=\"text\" name=\"input_text\" class=\"ff-el-form-control\" placeholder=\"Entreprise\" data-name=\"input_text\" id=\"ff_1_input_text\"  aria-invalid=\"false\" aria-required=false><\/div><\/div><div class='ff-el-group'><div class=\"ff-el-input--label ff-el-is-required asterisk-right\"><label for='ff_1_country-list' id='label_ff_1_country-list' aria-label=\"Pays\">Pays<\/label><\/div><div class='ff-el-input--content'><select name=\"country-list\" id=\"ff_1_country-list\" class=\"ff-el-form-control\" placeholder=\"S\u00e9lectionner le pays\" data-name=\"country-list\" aria-invalid='false' aria-required=true><option value=''>S\u00e9lectionner le pays<\/option><option value='AF' >Afghanistan<\/option><option value='AL' >Albanien<\/option><option value='DZ' >Algerien<\/option><option value='AS' >Amerikanisch-Samoa<\/option><option value='VI' >Amerikanische Jungferninseln<\/option><option value='AD' >Andorra<\/option><option value='AO' >Angola<\/option><option value='AI' >Anguilla<\/option><option value='AQ' >Antarktika<\/option><option value='AG' >Antigua und Barbuda<\/option><option value='AR' >Argentinien<\/option><option value='AM' >Armenien<\/option><option value='AW' >Aruba<\/option><option value='AZ' >Aserbaidschan<\/option><option value='AU' >Australien<\/option><option value='BS' >Bahamas<\/option><option value='BH' >Bahrain<\/option><option value='BD' >Bangladesch<\/option><option value='BB' >Barbados<\/option><option value='BY' >Belarus<\/option><option value='BE' >Belgien<\/option><option value='BZ' >Belize<\/option><option value='BJ' >Benin<\/option><option value='BM' >Bermuda<\/option><option value='BT' >Bhutan<\/option><option value='BO' >Bolivien<\/option><option value='BQ' >Bonaire, Sint Eustatius und Saba<\/option><option value='BA' >Bosnien und Herzegowina<\/option><option value='BW' >Botswana<\/option><option value='BV' >Bouvetinsel<\/option><option value='BR' >Brasilien<\/option><option value='VG' >Britische Jungferninseln<\/option><option value='IO' >Britisches Territorium im Indischen Ozean<\/option><option value='BN' >Brunei<\/option><option value='BG' >Bulgarien<\/option><option value='BF' >Burkina Faso<\/option><option value='BI' >Burundi<\/option><option value='CV' >Cabo Verde<\/option><option value='CL' >Chile<\/option><option value='CN' >China<\/option><option value='CK' >Cookinseln<\/option><option value='CR' >Costa Rica<\/option><option value='CW' >Cura\u00e7ao<\/option><option value='CD' >Democratic Republic of the Congo (Kinshasa)<\/option><option value='DE' >Deutschland<\/option><option value='DM' >Dominica<\/option><option value='DO' >Dominikanische Republik<\/option><option value='DJ' >Dschibuti<\/option><option value='DK' >D\u00e4nemark<\/option><option value='EC' >Ecuador<\/option><option value='SV' >El Salvador<\/option><option value='CI' >Elfenbeink\u00fcste<\/option><option value='ER' >Eritrea<\/option><option value='EE' >Estland<\/option><option value='SZ' >Eswatini<\/option><option value='FK' >Falklandinseln<\/option><option value='FJ' >Fidschi<\/option><option value='FI' >Finnland<\/option><option value='FR' >Frankreich<\/option><option value='GF' >Franz\u00f6sisch-Guayana<\/option><option value='PF' >Franz\u00f6sisch-Polynesien<\/option><option value='TF' >Franz\u00f6sische S\u00fcd- und Antarktisgebiete<\/option><option value='FO' >F\u00e4r\u00f6er<\/option><option value='GA' >Gabun<\/option><option value='GM' >Gambia<\/option><option value='GE' >Georgien<\/option><option value='GH' >Ghana<\/option><option value='GI' >Gibraltar<\/option><option value='GD' >Grenada<\/option><option value='GR' >Griechenland<\/option><option value='GL' >Gr\u00f6nland<\/option><option value='GP' >Guadeloupe<\/option><option value='GU' >Guam<\/option><option value='GT' >Guatemala<\/option><option value='GG' >Guernsey<\/option><option value='GN' >Guinea<\/option><option value='GW' >Guinea-Bissau<\/option><option value='GY' >Guyana<\/option><option value='HT' >Haiti<\/option><option value='HM' >Heard und McDonaldinseln<\/option><option value='HN' >Honduras<\/option><option value='HK' >Hongkong<\/option><option value='IN' >Indien<\/option><option value='ID' >Indonesien<\/option><option value='IQ' >Irak<\/option><option value='IR' >Iran<\/option><option value='IE' >Irland<\/option><option value='IS' >Island<\/option><option value='IM' >Isle of Man<\/option><option value='IL' >Israel<\/option><option value='IT' >Italien<\/option><option value='JM' >Jamaika<\/option><option value='JP' >Japan<\/option><option value='YE' >Jemen<\/option><option value='JE' >Jersey<\/option><option value='JO' >Jordanien<\/option><option value='KY' >Kaimaninseln<\/option><option value='KH' >Kambodscha<\/option><option value='CM' >Kamerun<\/option><option value='CA' >Kanada<\/option><option value='KZ' >Kasachstan<\/option><option value='QA' >Katar<\/option><option value='KE' >Kenia<\/option><option value='KG' >Kirgisistan<\/option><option value='KI' >Kiribati<\/option><option value='CC' >Kokosinseln (Keelinginseln)<\/option><option value='CO' >Kolumbien<\/option><option value='KM' >Komoren<\/option><option value='XK' >Kosovo<\/option><option value='HR' >Kroatien<\/option><option value='CU' >Kuba<\/option><option value='KW' >Kuwait<\/option><option value='LA' >Laos<\/option><option value='LS' >Lesotho<\/option><option value='LV' >Lettland<\/option><option value='LB' >Libanon<\/option><option value='LR' >Liberia<\/option><option value='LY' >Libyen<\/option><option value='LI' >Liechtenstein<\/option><option value='LT' >Litauen<\/option><option value='LU' >Luxemburg<\/option><option value='MO' >Macao, China<\/option><option value='MG' >Madagaskar<\/option><option value='MW' >Malawi<\/option><option value='MY' >Malaysia<\/option><option value='MV' >Malediven<\/option><option value='ML' >Mali<\/option><option value='MT' >Malta<\/option><option value='MA' >Marokko<\/option><option value='MH' >Marshallinseln<\/option><option value='MQ' >Martinique<\/option><option value='MR' >Mauretanien<\/option><option value='MU' >Mauritius<\/option><option value='YT' >Mayotte<\/option><option value='MX' >Mexiko<\/option><option value='FM' >Mikronesien<\/option><option value='MD' >Moldau<\/option><option value='MC' >Monaco<\/option><option value='MN' >Mongolei<\/option><option value='ME' >Montenegro<\/option><option value='MS' >Montserrat<\/option><option value='MZ' >Mosambik<\/option><option value='MM' >Myanmar<\/option><option value='NA' >Namibia<\/option><option value='NR' >Nauru<\/option><option value='NP' >Nepal<\/option><option value='NC' >Neukaledonien<\/option><option value='NZ' >Neuseeland<\/option><option value='NI' >Nicaragua<\/option><option value='NL' >Niederlande<\/option><option value='NE' >Niger<\/option><option value='NG' >Nigeria<\/option><option value='NU' >Niue<\/option><option value='KP' >Nordkorea<\/option><option value='NF' >Norfolkinsel<\/option><option value='MK' >North Macedonia<\/option><option value='NO' >Norwegen<\/option><option value='MP' >N\u00f6rdliche Marianen<\/option><option value='OM' >Oman<\/option><option value='TL' >Osttimor<\/option><option value='PK' >Pakistan<\/option><option value='PW' >Palau<\/option><option value='PS' >Pal\u00e4stinensische Autonomiegebiete<\/option><option value='PA' >Panama<\/option><option value='PG' >Papua-Neuguinea<\/option><option value='PY' >Paraguay<\/option><option value='PE' >Peru<\/option><option value='PH' >Philippinen<\/option><option value='PN' >Pitcairninseln<\/option><option value='PL' >Polen<\/option><option value='PT' >Portugal<\/option><option value='PR' >Puerto Rico<\/option><option value='CG' >Republic of the Congo (Brazzaville)<\/option><option value='RW' >Ruanda<\/option><option value='RO' >Rum\u00e4nien<\/option><option value='RU' >Russland<\/option><option value='RE' >R\u00e9union<\/option><option value='BL' >Saint Barth\u00e9lemy<\/option><option value='SX' >Saint Martin (niederl\u00e4ndischer Teil)<\/option><option value='PM' >Saint-Pierre und Miquelon<\/option><option value='SB' >Salomonen<\/option><option value='ZM' >Sambia<\/option><option value='WS' >Samoa<\/option><option value='SM' >San Marino<\/option><option value='ST' >Sao Tome and Principe<\/option><option value='SA' >Saudi-Arabien<\/option><option value='SE' >Schweden<\/option><option value='CH' >Schweiz<\/option><option value='SN' >Senegal<\/option><option value='RS' >Serbien<\/option><option value='SC' >Seychellen<\/option><option value='SL' >Sierra Leone<\/option><option value='ZW' >Simbabwe<\/option><option value='SG' >Singapur<\/option><option value='SK' >Slowakei<\/option><option value='SI' >Slowenien<\/option><option value='SO' >Somalia<\/option><option value='ES' >Spanien<\/option><option value='SJ' >Spitzbergen und Jan Mayen<\/option><option value='LK' >Sri Lanka<\/option><option value='SH' >St. Helena<\/option><option value='KN' >St. Kitts und Nevis<\/option><option value='LC' >St. Lucia<\/option><option value='MF' >St. Martin (Frankreich)<\/option><option value='VC' >St. Vincent und die Grenadinen<\/option><option value='SD' >Sudan<\/option><option value='SR' >Surinam<\/option><option value='SY' >Syrien<\/option><option value='ZA' >S\u00fcdafrika<\/option><option value='GS' >S\u00fcdgeorgien\/Sandwichinseln<\/option><option value='KR' >S\u00fcdkorea<\/option><option value='SS' >S\u00fcdsudan<\/option><option value='TJ' >Tadschikistan<\/option><option value='TW' >Taiwan<\/option><option value='TZ' >Tansania<\/option><option value='TH' >Thailand<\/option><option value='TG' >Togo<\/option><option value='TK' >Tokelau<\/option><option value='TO' >Tonga<\/option><option value='TT' >Trinidad und Tobago<\/option><option value='TD' >Tschad<\/option><option value='CZ' >Tschechien<\/option><option value='TN' >Tunesien<\/option><option value='TM' >Turkmenistan<\/option><option value='TC' >Turks- und Caicosinseln<\/option><option value='TV' >Tuvalu<\/option><option value='TR' >T\u00fcrkiye<\/option><option value='UG' >Uganda<\/option><option value='UA' >Ukraine<\/option><option value='HU' >Ungarn<\/option><option value='UM' >United States (US) Minor Outlying Islands<\/option><option value='UY' >Uruguay<\/option><option value='UZ' >Usbekistan<\/option><option value='VU' >Vanuatu<\/option><option value='VA' >Vatikanstadt<\/option><option value='VE' >Venezuela<\/option><option value='AE' >Vereinigte Arabische Emirate<\/option><option value='US' >Vereinigte Staaten von Amerika (USA)<\/option><option value='GB' >Vereinigtes K\u00f6nigreich<\/option><option value='VN' >Vietnam<\/option><option value='WF' >Wallis und Futuna<\/option><option value='CX' >Weihnachtsinsel<\/option><option value='EH' >Westsahara<\/option><option value='CF' >Zentralafrikanische Republik<\/option><option value='CY' >Zypern<\/option><option value='EG' >\u00c4gypten<\/option><option value='GQ' >\u00c4quatorialguinea<\/option><option value='ET' >\u00c4thiopien<\/option><option value='AX' >\u00c5landinseln<\/option><option value='AT' >\u00d6sterreich<\/option><\/select><\/div><\/div><div class='ff-el-group'><div class=\"ff-el-input--label ff-el-is-required asterisk-right\"><label for='ff_1_message' id='label_ff_1_message' aria-label=\"votre Message\">votre Message<\/label><\/div><div class='ff-el-input--content'><textarea aria-required=\"true\" aria-labelledby=\"label_ff_1_message\" name=\"message\" id=\"ff_1_message\" class=\"ff-el-form-control\" placeholder=\"Your Message\" rows=\"4\" cols=\"2\" data-name=\"message\" ><\/textarea><\/div><\/div><div class='ff-el-group'><div class=\"ff-el-input--label asterisk-right\"><label for='ff_1_phone' id='label_ff_1_phone' aria-label=\"Phone\/Mobile\">Phone\/Mobile<\/label><\/div><div class='ff-el-input--content'><input name=\"phone\" class=\"ff-el-form-control ff-el-phone\" type=\"tel\" placeholder=\"Num\u00e9ro de portable\" data-name=\"phone\" id=\"ff_1_phone\" inputmode=\"tel\"  aria-invalid='false' aria-required=false><\/div><\/div><div class='ff-el-group    ff-el-input--content'><div class='ff-el-form-check ff-el-tc'><label aria-label='Je consens \u00e0 ce que ce site stocke les informations que j\u2019ai envoy\u00e9es afin de pouvoir r\u00e9pondre \u00e0 ma demande.' class='ff-el-form-check-label ff_tc_label' for=gdpr-agreement_b3b4ca11edc11d39ea2679cc8424c0a8><span class='ff_tc_checkbox'><input type=\"checkbox\" name=\"gdpr-agreement\" class=\"ff-el-form-check-input ff_gdpr_field\" data-name=\"gdpr-agreement\" id=\"gdpr-agreement_b3b4ca11edc11d39ea2679cc8424c0a8\"  value='on' aria-invalid='false' aria-required=true><\/span> <div class='ff_t_c'>Je consens \u00e0 ce que ce site stocke les informations que j\u2019ai envoy\u00e9es afin de pouvoir r\u00e9pondre \u00e0 ma demande.<\/div><\/label><\/div><\/div><div class='ff-el-group ' ><div class='ff-el-input--content'><div data-fluent_id='1' name='g-recaptcha-response'><div\n\t\tdata-sitekey='6LdJfZYkAAAAAJLT56Ui2_CR_-3-94ZA893w9aMy'\n\t\tid='fluentform-recaptcha-1-1'\n\t\tclass='ff-el-recaptcha g-recaptcha'\n\t\tdata-callback='fluentFormrecaptchaSuccessCallback'><\/div><\/div><\/div><\/div><div class='ff-el-group ff-text-left ff_submit_btn_wrapper'><button type=\"submit\" class=\"ff-btn ff-btn-submit ff-btn-md ff_btn_style\"  aria-label=\"envoyer le formulaire.\">envoyer le formulaire.<\/button><\/div><\/fieldset><\/form><div id='fluentform_1_errors' class='ff-errors-in-stack ff_form_instance_1_1 ff-form-loading_errors ff_form_instance_1_1_errors'><\/div><\/div>            <script type=\"text\/javascript\">\n                window.fluent_form_ff_form_instance_1_1 = {\"id\":\"1\",\"ajaxUrl\":\"https:\\\/\\\/lams-consulting.com\\\/wp-admin\\\/admin-ajax.php\",\"settings\":{\"layout\":{\"labelPlacement\":\"top\",\"helpMessagePlacement\":\"with_label\",\"errorMessagePlacement\":\"inline\",\"cssClassName\":\"\",\"asteriskPlacement\":\"asterisk-right\"},\"restrictions\":{\"denyEmptySubmission\":{\"enabled\":false}}},\"form_instance\":\"ff_form_instance_1_1\",\"form_id_selector\":\"fluentform_1\",\"rules\":{\"names[first_name]\":{\"required\":{\"value\":true,\"message\":\"This field is required\",\"global\":false,\"global_message\":\"Ce champ est obligatoire\"}},\"names[middle_name]\":{\"required\":{\"value\":false,\"message\":\"This field is required\",\"global\":false,\"global_message\":\"Ce champ est obligatoire\"}},\"names[last_name]\":{\"required\":{\"value\":true,\"message\":\"This field is required\",\"global\":false,\"global_message\":\"Ce champ est obligatoire\"}},\"email\":{\"required\":{\"value\":true,\"message\":\"This field is required\",\"global\":false,\"global_message\":\"Ce champ est obligatoire\"},\"email\":{\"value\":true,\"message\":\"This field must contain a valid email\",\"global\":false,\"global_message\":\"Ce champ doit contenir un e-mail valide\"}},\"subject\":{\"required\":{\"value\":true,\"message\":\"This field is required\",\"global\":false,\"global_message\":\"Ce champ est obligatoire\"}},\"input_text\":{\"required\":{\"value\":false,\"message\":\"Dieses Feld ist erforderlich\",\"global_message\":\"Ce champ est obligatoire\",\"global\":true}},\"country-list\":{\"required\":{\"value\":true,\"message\":\"Dieses Feld ist erforderlich\",\"global_message\":\"Ce champ est obligatoire\",\"global\":true}},\"message\":{\"required\":{\"value\":true,\"message\":\"This field is required\",\"global\":false,\"global_message\":\"Ce champ est obligatoire\"}},\"phone\":{\"required\":{\"value\":false,\"global\":true,\"message\":\"Dieses Feld ist erforderlich\",\"global_message\":\"Ce champ est obligatoire\"},\"valid_phone_number\":{\"value\":false,\"global\":true,\"message\":\"Telefonnummer ist ung\\u00fcltig\",\"global_message\":\"Phone number is not valid\"}},\"gdpr-agreement\":{\"required\":{\"value\":true,\"message\":\"Ce champ est obligatoire\",\"global\":false,\"global_message\":\"Ce champ est obligatoire\"}},\"g-recaptcha-response\":[]},\"debounce_time\":300};\n                            <\/script>\n                        <\/div>\n\n            \t\t\t\t<\/div>\n\t\t\t\t<\/div>\n\t\t\t\t\t<\/div>\n\t\t<\/div>\n\t\t\t\t\t<\/div>\n\t\t<\/section>\n\t\t\t\t<section class=\"elementor-section elementor-top-section elementor-element elementor-element-2fcee3f elementor-section-boxed elementor-section-height-default elementor-section-height-default\" data-id=\"2fcee3f\" data-element_type=\"section\" data-e-type=\"section\">\n\t\t\t\t\t\t<div class=\"elementor-container elementor-column-gap-default\">\n\t\t\t\t\t<div class=\"elementor-column elementor-col-100 elementor-top-column elementor-element elementor-element-38643c9\" data-id=\"38643c9\" data-element_type=\"column\" data-e-type=\"column\">\n\t\t\t<div class=\"elementor-widget-wrap elementor-element-populated\">\n\t\t\t\t\t\t<div class=\"elementor-element elementor-element-e193bb8 elementor-nav-menu--dropdown-tablet elementor-nav-menu__text-align-aside elementor-nav-menu--toggle elementor-nav-menu--burger elementor-widget elementor-widget-nav-menu\" data-id=\"e193bb8\" data-element_type=\"widget\" data-e-type=\"widget\" data-settings=\"{&quot;layout&quot;:&quot;horizontal&quot;,&quot;submenu_icon&quot;:{&quot;value&quot;:&quot;&lt;i class=\\&quot;fas fa-caret-down\\&quot; aria-hidden=\\&quot;true\\&quot;&gt;&lt;\\\/i&gt;&quot;,&quot;library&quot;:&quot;fa-solid&quot;},&quot;toggle&quot;:&quot;burger&quot;}\" data-widget_type=\"nav-menu.default\">\n\t\t\t\t<div class=\"elementor-widget-container\">\n\t\t\t\t\t\t\t\t<nav aria-label=\"Menu\" class=\"elementor-nav-menu--main elementor-nav-menu__container elementor-nav-menu--layout-horizontal e--pointer-underline e--animation-fade\">\n\t\t\t\t<ul id=\"menu-1-e193bb8\" class=\"elementor-nav-menu\"><li class=\"menu-item menu-item-type-post_type menu-item-object-page menu-item-1434\"><a href=\"https:\/\/lams-consulting.com\/de\/courses\/\" class=\"elementor-item\">Mes cours<\/a><\/li>\n<\/ul>\t\t\t<\/nav>\n\t\t\t\t\t<div class=\"elementor-menu-toggle\" role=\"button\" tabindex=\"0\" aria-label=\"Men\u00fc Umschalter\" aria-expanded=\"false\">\n\t\t\t<i aria-hidden=\"true\" role=\"presentation\" class=\"elementor-menu-toggle__icon--open eicon-menu-bar\"><\/i><i aria-hidden=\"true\" role=\"presentation\" class=\"elementor-menu-toggle__icon--close eicon-close\"><\/i>\t\t<\/div>\n\t\t\t\t\t<nav class=\"elementor-nav-menu--dropdown elementor-nav-menu__container\" aria-hidden=\"true\">\n\t\t\t\t<ul id=\"menu-2-e193bb8\" class=\"elementor-nav-menu\"><li class=\"menu-item menu-item-type-post_type menu-item-object-page menu-item-1434\"><a href=\"https:\/\/lams-consulting.com\/de\/courses\/\" class=\"elementor-item\" tabindex=\"-1\">Mes cours<\/a><\/li>\n<\/ul>\t\t\t<\/nav>\n\t\t\t\t\t\t<\/div>\n\t\t\t\t<\/div>\n\t\t\t\t\t<\/div>\n\t\t<\/div>\n\t\t\t\t\t<\/div>\n\t\t<\/section>\n\t\t\t\t<\/div>\n\t\t","protected":false},"excerpt":{"rendered":"<p>CONTACT: Vous souhaitez en savoir plus sur nos services de conseil en Achats ou b\u00e9n\u00e9ficier de notre accompagnement ? Remplissez le formulaire ci-dessous, et notre \u00e9quipe vous r\u00e9pondra dans les plus brefs d\u00e9lais. Pour toute demande sp\u00e9cifique, vous pouvez \u00e9galement nous contacter directement par e-mail ou t\u00e9l\u00e9phone : \ud83d\udce7 Contact g\u00e9n\u00e9ral : contact@lams-consulting.com\ud83d\udce7 Recrutement de [&hellip;]<\/p>\n","protected":false},"author":1,"featured_media":778,"parent":0,"menu_order":0,"comment_status":"closed","ping_status":"closed","template":"page-templates\/pages.php","meta":{"footnotes":""},"class_list":["post-69","page","type-page","status-publish","has-post-thumbnail","hentry"],"_links":{"self":[{"href":"https:\/\/lams-consulting.com\/de\/wp-json\/wp\/v2\/pages\/69","targetHints":{"allow":["GET"]}}],"collection":[{"href":"https:\/\/lams-consulting.com\/de\/wp-json\/wp\/v2\/pages"}],"about":[{"href":"https:\/\/lams-consulting.com\/de\/wp-json\/wp\/v2\/types\/page"}],"author":[{"embeddable":true,"href":"https:\/\/lams-consulting.com\/de\/wp-json\/wp\/v2\/users\/1"}],"replies":[{"embeddable":true,"href":"https:\/\/lams-consulting.com\/de\/wp-json\/wp\/v2\/comments?post=69"}],"version-history":[{"count":57,"href":"https:\/\/lams-consulting.com\/de\/wp-json\/wp\/v2\/pages\/69\/revisions"}],"predecessor-version":[{"id":2268,"href":"https:\/\/lams-consulting.com\/de\/wp-json\/wp\/v2\/pages\/69\/revisions\/2268"}],"wp:featuredmedia":[{"embeddable":true,"href":"https:\/\/lams-consulting.com\/de\/wp-json\/wp\/v2\/media\/778"}],"wp:attachment":[{"href":"https:\/\/lams-consulting.com\/de\/wp-json\/wp\/v2\/media?parent=69"}],"curies":[{"name":"wp","href":"https:\/\/api.w.org\/{rel}","templated":true}]}}