{"id":410,"date":"2022-01-04T13:58:40","date_gmt":"2022-01-04T13:58:40","guid":{"rendered":"https:\/\/wordpressriverthemes.com\/earna\/?page_id=410"},"modified":"2023-02-23T20:25:14","modified_gmt":"2023-02-23T20:25:14","slug":"home-fr","status":"publish","type":"page","link":"https:\/\/lams-consulting.com\/en\/","title":{"rendered":"Accueil"},"content":{"rendered":"<div class=\"wpb-content-wrapper\"><p>[vc_row el_id=&#8221;hero&#8221;][vc_column]<!-- Start Banner \n    ============================================= -->\n    <div class=\"banner-area text-center text-big top-pad-50\">\n        <div id=\"bootcarousel\" class=\"carousel text-light slide animate_text\" data-ride=\"carousel\">\n\n            <!-- Wrapper for slides -->\n            <div class=\"carousel-inner carousel-zoom\"><div class=\"carousel-item active\">\n    <div class=\"slider-thumb bg-fixed\" style=\"background-image: url(https:\/\/lams-consulting.com\/wp-content\/uploads\/2022\/03\/11972-scaled.jpg);\"><\/div>\n    <div class=\"box-table\">\n        <div class=\"box-cell shadow dark\">\n            <div class=\"container\">\n                <div class=\"row\">\n                    <div class=\"col-lg-10 offset-lg-1\">\n                        <div class=\"content\">\n                            <h2 data-animation=\"animated zoomInLeft\">Lams <span>Consulting<\/span><\/h2>\n                            <p class=\"animated slideInRight\">\n                                \u00ab LES GENS N'ACH\u00c8TENT PAS CE QUE VOUS FAITES, ILS ACH\u00c8TENT LA RAISON POUR LAQUELLE VOUS LE FAITES. \u00bb\n                            <\/p><a data-animation=\"animated zoomInUp\" class=\"btn btn-gradient effect btn-md\" href=\"https:\/\/lams-consulting.com\/?page_id=45\">D\u00e9couvrir plus<\/a><\/div>\n                    <\/div>\n                <\/div>\n            <\/div>\n        <\/div>\n    <\/div>\n<\/div><div class=\"carousel-item \">\n    <div class=\"slider-thumb bg-fixed\" style=\"background-image: url(https:\/\/lams-consulting.com\/wp-content\/uploads\/2022\/03\/videoblocks-corporate.jpg);\"><\/div>\n    <div class=\"box-table\">\n        <div class=\"box-cell shadow dark\">\n            <div class=\"container\">\n                <div class=\"row\">\n                    <div class=\"col-lg-10 offset-lg-1\">\n                        <div class=\"content\">\n                            <h2 data-animation=\"animated zoomInLeft\">Raison <span>D'\u00eatre<\/span><\/h2>\n                            <p class=\"animated slideInRight\">\n                                ACCOMPAGNER LES ENTREPRISES DANS LA R\u00c9SOLUTION D'AMONT EN AVAL DE LEURS PROBLEMATIQUES ACHATS LOGISTIQUES ET SUPPLY CHAIN.\n                            <\/p><a data-animation=\"animated zoomInUp\" class=\"btn btn-gradient effect btn-md\" href=\"#\">D\u00e9couvrir plus<\/a><\/div>\n                    <\/div>\n                <\/div>\n            <\/div>\n        <\/div>\n    <\/div>\n<\/div><div class=\"carousel-item \">\n    <div class=\"slider-thumb bg-fixed\" style=\"background-image: url(https:\/\/lams-consulting.com\/wp-content\/uploads\/2022\/03\/christina-wocintechchat-com-rg1y72eKw6o-unsplash-scaled.jpg);\"><\/div>\n    <div class=\"box-table\">\n        <div class=\"box-cell shadow dark\">\n            <div class=\"container\">\n                <div class=\"row\">\n                    <div class=\"col-lg-10 offset-lg-1\">\n                        <div class=\"content\">\n                            <h2 data-animation=\"animated zoomInLeft\">NOTRE <span>ENGAGEMENT RSE :<\/span><\/h2>\n                            <p class=\"animated slideInRight\">\n                                CR\u00c9ER DE LA VALEUR PAR UN OBJECTIF DE D\u00c9VELOPPEMENT DURABLE\n                            <\/p><a data-animation=\"animated zoomInUp\" class=\"btn btn-gradient effect btn-md\" href=\"#\">D\u00e9couvrir plus<\/a><\/div>\n                    <\/div>\n                <\/div>\n            <\/div>\n        <\/div>\n    <\/div>\n<\/div><\/div>\n            <!-- End Wrapper for slides -->\n\n            <!-- Left and right controls -->\n            <a class=\"left carousel-control light\" href=\"#bootcarousel\" data-slide=\"prev\">\n                <span class=\"sr-only\">Previous<\/span>\n            <\/a>\n            <a class=\"right carousel-control light\" href=\"#bootcarousel\" data-slide=\"next\">\n                <span class=\"sr-only\">Next<\/span>\n            <\/a>\n\n        <\/div>\n    <\/div>\n    <!-- End Banner -->[\/vc_column][\/vc_row][vc_row el_id=&#8221;about&#8221;][vc_column]<!-- Start About Area\n    ============================================= -->\n    <div class=\"about-content-area default-padding\">\n        <div class=\"container\">\n            <div class=\"content-box\">\n                <div class=\"row\">\n                    <div class=\"col-lg-6 thumb\">\n                        <div class=\"thumb-box\">\n                            <img decoding=\"async\" src=\"https:\/\/lams-consulting.com\/wp-content\/uploads\/2022\/03\/img-Qui-sommes-nnous-1.jpg\" alt=\"Thumb\">\n                            <img decoding=\"async\" src=\"https:\/\/lams-consulting.com\/wp-content\/uploads\/2022\/03\/Img-Qui-sommes-nnous-002-bis.jpg\" alt=\"Thumb\">\n                            <div class=\"shape\" style=\"background-image: url(https:\/\/lams-consulting.com\/wp-content\/uploads\/2022\/01\/1.png);\"><\/div>\n                        <\/div>\n                    <\/div>\n                    <div class=\"col-lg-6 info\">\n                        <h2>Qui Sommes-nous ?<\/h2>\n                        <ul>\n                            <li>\n                                <div class=\"icon\">\n                                    <i class=\"ti-bookmark-alt\"><\/i>\n                                <\/div>\n                                <div class=\"info\">\n                                    <h4>Cabinet de conseil en achats<\/h4>\n                                    <p>\n                                        LOGISTIQUE ACHATS MANAGEMENT SUPPLY CHAIN Sarlu sous le sigle LAMS est un cabinet de conseil ind\u00e9pendant en Achats Logistique Supply Chain, cr\u00e9\u00e9 en janvier 2022, en r\u00e9publique de Guin\u00e9e.\n                                    <\/p>\n                                <\/div>\n                            <\/li>\n                            <li>\n                                <div class=\"icon\">\n                                    <i class=\"ti-id-badge\"><\/i>\n                                <\/div>\n                                <div class=\"info\">\n                                    <h4>Notre Vocation<\/h4>\n                                    <p>\n                                        C'est d'apporter de la valeur pour nos clients, de les accompagner dans leur d\u00e9marche d\u2019am\u00e9lioration continue, d\u2019optimisation de leurs co\u00fbts ou de la mont\u00e9e en maturit\u00e9 de leurs collaborateurs.\n                                    <\/p>\n                                <\/div>\n                            <\/li>\n                        <\/ul>\n                        <div class=\"call\">\n                            <div class=\"icon\">\n                                <i class=\"flaticon-telephone\"><\/i>\n                            <\/div>\n                            <div class=\"intro\">\n                                <h5>+224 627 94 86 49 \/ (whatsapp) +336 99 09 59 74<\/h5>\n                                <span><\/span>\n                            <\/div>\n                        <\/div>\n                    <\/div>\n                    <div class=\"col-lg-4 center-info\">\n                        \n                    <\/div>\n                    \n                <\/div>\n            <\/div>\n        <\/div>\n    <\/div>\n    <!-- End About -->[\/vc_column][\/vc_row][vc_row el_id=&#8221;client&#8221; css=&#8221;.vc_custom_1648467508610{background-color: #491da9 !important;}&#8221;][vc_column][vc_single_image image=&#8221;646&#8243; img_size=&#8221;full&#8221; alignment=&#8221;center&#8221; css_animation=&#8221;flipInX&#8221;][\/vc_column][\/vc_row][vc_row el_id=&#8221;service&#8221;][vc_column] <!-- Star Services Area\n    ============================================= -->\n    <div class=\"thumb-services-area inc-thumbnail default-padding bottom-less\">\n        <!-- Shape -->\n        <div class=\"right-shape\">\n            <img decoding=\"async\" src=\"https:\/\/lams-consulting.com\/wp-content\/uploads\/2021\/09\/9.png\" alt=\"Shape\">\n        <\/div>\n        <!-- Shape -->\n        <div class=\"container\">\n            <div class=\"row\">\n                <div class=\"col-lg-8 offset-lg-2\">\n                    <div class=\"site-heading text-center\">\n                        <h4>NOTRE ENGAGEMENT RSE:<\/h4>\n                        <h2>CREER DE LA VALEUR PAR UN OBJECTIF DE DEVELOPPEMENT DURABLE<\/h2>\n                        <div class=\"devider\"><\/div>\n                    <\/div>\n                <\/div>\n            <\/div>\n        <\/div>\n        <div class=\"container\">\n            <div class=\"services-items text-center\">\n                <div class=\"row\"><!-- Single Item -->\n                    <div class=\"col-lg-4 col-md-6 single-item\">\n                        <div class=\"item\" style=\"background-image: url(https:\/\/lams-consulting.com\/wp-content\/uploads\/2022\/03\/IMG-0003.jpg);\">\n                            <div class=\"info\">\n                                <i class=\"\"><\/i>\n                                <h4>ECONOMIQUE<\/h4>\n                                <p>\n                                    Accompagner nos clients dans leur politique de d\u00e9veloppement durable pour g\u00e9n\u00e9rer une performance \u00e9conomique par la m\u00e9thode LEAN Management RSE (Charte RSE Fournisseurs, Politique et Proc\u00e9dure Achats Responsables, Green supply chain & logistic)<br \/>\nSoutenir les projets d'\u00e9nergie verte favorisant une \u00e9conomie locale et circulaire.\n                                <\/p>\n                                <div class=\"bottom\">\n                                    <a href=\"\"><i class=\"fas fa-arrow-right\"><\/i> <\/a>\n                                <\/div>\n                            <\/div>\n                        <\/div>\n                    <\/div>\n                    <!-- End Single Item --><!-- Single Item -->\n                    <div class=\"col-lg-4 col-md-6 single-item\">\n                        <div class=\"item\" style=\"background-image: url(https:\/\/lams-consulting.com\/wp-content\/uploads\/2022\/04\/Sociale-2.jpg);\">\n                            <div class=\"info\">\n                                <i class=\"\"><\/i>\n                                <h4>SOCIALE<\/h4>\n                                <p>\n                                    Promouvoir l'inclusion dans la soci\u00e9t\u00e9 en luttant contre toutes formes de discriminations par la parit\u00e9 et la diversit\u00e9 des profils collaborateurs. Mise en place de tri s\u00e9lectifs pour nos collaborateurs et promouvoir une attitude \u00e9co-citoyenne au sein du cabinet LAMS et en ad\u00e9quation avec les enjeux RSE de nos clients\n                                <\/p>\n                                <div class=\"bottom\">\n                                    <a href=\"\"><i class=\"fas fa-arrow-right\"><\/i> LIRE LA SUITE<\/a>\n                                <\/div>\n                            <\/div>\n                        <\/div>\n                    <\/div>\n                    <!-- End Single Item --><!-- Single Item -->\n                    <div class=\"col-lg-4 col-md-6 single-item\">\n                        <div class=\"item\" style=\"background-image: url(https:\/\/lams-consulting.com\/wp-content\/uploads\/2022\/04\/Environnemental-2.jpg);\">\n                            <div class=\"info\">\n                                <i class=\"\"><\/i>\n                                <h4>ENVIRONNEMENTALE<\/h4>\n                                <p>\n                                    R\u00e9duire notre empreinte carbone en atteignant le meilleur compromis pour l'environnement. Interagir avec nos clients au travers des outils digitaux impactant positivement nos d\u00e9placements (visioconf\u00e9rence, travail \u00e0 distance, signature e\u0301lectronique...)\n                                <\/p>\n                                <div class=\"bottom\">\n                                    <a href=\"\"><i class=\"fas fa-arrow-right\"><\/i> LIRE LA SUITE<\/a>\n                                <\/div>\n                            <\/div>\n                        <\/div>\n                    <\/div>\n                    <!-- End Single Item --><\/div>\n            <\/div>\n        <\/div>\n    <\/div>\n    <!-- End Services Area -->[\/vc_column][\/vc_row][vc_row el_id=&#8221;contact&#8221;][vc_column]<!-- Start Contact Area \n    ============================================= -->\n    <div id=\"contact\" class=\"contact-area default-padding bg-theme inc-shape\">\n        <div class=\"container\">\n            <div class=\"row align-center\">\n                <div class=\"col-lg-5 info\">\n                    <div class=\"content\">\n                        <h2>NOUS CONTACTER<\/h2>\n                        <p>\n                            Nous avons une \u00e9quipe dynamique, pers\u00e9v\u00e9rante, cr\u00e9atrice de valeur avec une culture du r\u00e9sultat. Elle a une connaissance parfaite des enjeux auxquels font face les entreprises locales et internationales...\n                        <\/p>\n                        <ul><li>\n                    <i class=\"fas fa-map-marker-alt\"><\/i>\n                    <p>\n                        Kip\u00e9 Commune de Ratoma<br \/>\nR\u00e9publique de Guin\u00e9e\n                    <\/p>\n                <\/li><li>\n                    <i class=\"fas fa-phone\"><\/i>\n                    <p>\n                        +224 627 94 86 49<br \/>\n(whatsapp) +336 99 09 59 74\n                    <\/p>\n                <\/li> <\/ul>\n                    <\/div>\n                <\/div>\n                <div class=\"col-lg-6 offset-lg-1 contact-form-box\">\n                    <div class=\"form-box\">[contact-form-7 id=&#8221;72&#8243;]<\/div>\n                <\/div>\n            <\/div>\n        <\/div>\n    <\/div>\n    <!-- End Contact Area -->[\/vc_column][\/vc_row]<\/p>\n<\/div>","protected":false},"excerpt":{"rendered":"<p>[vc_row el_id=&#8221;hero&#8221;][vc_column][\/vc_column][\/vc_row][vc_row el_id=&#8221;about&#8221;][vc_column][\/vc_column][\/vc_row][vc_row el_id=&#8221;client&#8221; css=&#8221;.vc_custom_1648467508610{background-color: #491da9 !important;}&#8221;][vc_column][vc_single_image image=&#8221;646&#8243; img_size=&#8221;full&#8221; alignment=&#8221;center&#8221; css_animation=&#8221;flipInX&#8221;][\/vc_column][\/vc_row][vc_row el_id=&#8221;service&#8221;][vc_column][\/vc_column][\/vc_row][vc_row el_id=&#8221;contact&#8221;][vc_column][contact-form-7 id=&#8221;72&#8243;][\/vc_column][\/vc_row]<\/p>\n","protected":false},"author":1,"featured_media":0,"parent":0,"menu_order":0,"comment_status":"closed","ping_status":"closed","template":"page-templates\/home1.php","meta":{"footnotes":""},"class_list":["post-410","page","type-page","status-publish","hentry"],"_links":{"self":[{"href":"https:\/\/lams-consulting.com\/en\/wp-json\/wp\/v2\/pages\/410","targetHints":{"allow":["GET"]}}],"collection":[{"href":"https:\/\/lams-consulting.com\/en\/wp-json\/wp\/v2\/pages"}],"about":[{"href":"https:\/\/lams-consulting.com\/en\/wp-json\/wp\/v2\/types\/page"}],"author":[{"embeddable":true,"href":"https:\/\/lams-consulting.com\/en\/wp-json\/wp\/v2\/users\/1"}],"replies":[{"embeddable":true,"href":"https:\/\/lams-consulting.com\/en\/wp-json\/wp\/v2\/comments?post=410"}],"version-history":[{"count":1,"href":"https:\/\/lams-consulting.com\/en\/wp-json\/wp\/v2\/pages\/410\/revisions"}],"predecessor-version":[{"id":1173,"href":"https:\/\/lams-consulting.com\/en\/wp-json\/wp\/v2\/pages\/410\/revisions\/1173"}],"wp:attachment":[{"href":"https:\/\/lams-consulting.com\/en\/wp-json\/wp\/v2\/media?parent=410"}],"curies":[{"name":"wp","href":"https:\/\/api.w.org\/{rel}","templated":true}]}}