{"id":45,"date":"2021-09-20T15:57:33","date_gmt":"2021-09-20T15:57:33","guid":{"rendered":"https:\/\/wordpressriverthemes.com\/earna\/?page_id=45"},"modified":"2025-07-04T20:42:52","modified_gmt":"2025-07-04T20:42:52","slug":"qui-sommes-nous","status":"publish","type":"page","link":"https:\/\/lams-consulting.com\/en\/qui-sommes-nous\/","title":{"rendered":"Qui sommes nous"},"content":{"rendered":"<div class=\"wpb-content-wrapper\"><p>[vc_row equal_height=&#8221;yes&#8221; css=&#8221;.vc_custom_1648838284600{background-color: #d9cef7 !important;}&#8221;][vc_column width=&#8221;1\/2&#8243;][vc_single_image image=&#8221;746&#8243; img_size=&#8221;full&#8221; alignment=&#8221;center&#8221; style=&#8221;vc_box_shadow_3d&#8221; onclick=&#8221;zoom&#8221; css_animation=&#8221;fadeInLeftBig&#8221;][\/vc_column][vc_column width=&#8221;1\/2&#8243; css=&#8221;.vc_custom_1648838470575{padding-right: 50px !important;padding-left: 50px !important;}&#8221;][vc_custom_heading text=&#8221;QUI SOMMES NOUS&#8221; use_theme_fonts=&#8221;yes&#8221; css_animation=&#8221;fadeInRightBig&#8221; css=&#8221;.vc_custom_1648809751765{padding-top: 50px !important;padding-right: 50px !important;padding-bottom: 50px !important;padding-left: 50px !important;}&#8221;][vc_column_text css_animation=&#8221;fadeInRightBig&#8221; css=&#8221;.vc_custom_1750954757463{padding-right: 50px !important;padding-left: 50px !important;}&#8221;]Cr\u00e9\u00e9 en janvier 2022 notre vocation est d&#8217;apporter de la valeur pour nos clients, de les accompagner dans leur d\u00e9marche d\u2019am\u00e9lioration continue, d\u2019optimisation de leurs co\u00fbts ou de la mont\u00e9e en maturit\u00e9 de leurs collaborateurs.<\/p>\n<p>Nous intervenons sur toutes vos probl\u00e9matiques Achats Logistique et Supply Chain de bout en bout gr\u00e2ce \u00e0 notre \u00e9quipe Flexible Expert R\u00e9actif (F.E.R)<br \/>\nNous d\u00e9veloppons avec nos clients une forte relation de proximit\u00e9, pour les aider \u00e0 am\u00e9liorer de mani\u00e8re continue, les performances acquises.<\/p>\n<p>Au del\u00e0 de nos 4 valeurs Engagement Performance Esprit d&#8217;\u00c9quipe, Ethique (EPEE) repr\u00e9sentant notre force, LAMS Consulting fonctionne sur une base de travail en 4C : Confiance Collaboration Coh\u00e9sion et surtout la Communication.<\/p>\n<p><strong>NOTRE VISION:<\/strong> \u00catre le 1er cabinet de conseil en Achats en R\u00e9publique de Guin\u00e9e. Assurer \u00e9galement un leadership dans la mise \u00e0 disposition des entreprises locales guin\u00e9ennes, notre service de conseil et expertise en Achats &#038; Supply Chain. Nous ambitionnons de d\u00e9velopper notre activit\u00e9 au del\u00e0 des fronti\u00e8res guin\u00e9ennes notamment dans la zone africaine.[\/vc_column_text][\/vc_column][\/vc_row][vc_row][vc_column][vc_empty_space height=&#8221;50px&#8221;][vc_custom_heading text=&#8221;Nos Valeurs&#8221; font_container=&#8221;tag:h2|text_align:center|color:%235228ad&#8221; use_theme_fonts=&#8221;yes&#8221; css_animation=&#8221;fadeInLeftBig&#8221;][vc_row_inner][vc_column_inner width=&#8221;1\/2&#8243; css=&#8221;.vc_custom_1648727268387{padding-top: 100px !important;padding-bottom: 100px !important;}&#8221;][vc_custom_heading text=&#8221;ENGAGEMENT&#8221; font_container=&#8221;tag:h2|text_align:center|color:%23481ea7&#8243; use_theme_fonts=&#8221;yes&#8221; css_animation=&#8221;fadeInLeftBig&#8221;][vc_column_text css_animation=&#8221;fadeInLeftBig&#8221; css=&#8221;.vc_custom_1649257882354{padding-right: 70px !important;padding-left: 50px !important;}&#8221;]Le respect des accords \u00e9tablis entre le cabinet et ses clients est une valeur fondamentale.<br \/>\nVotre r\u00e9ussite est aussi notre R\u00e9ussite Nous soutenons nos clients dans leur d\u00e9marche RSE et favorisons cette politique par l&#8217;adh\u00e9sion de nos collaborateurs aux meilleures pratiques et attitudes au quotidien. La bienveillance vis \u00e0 vis de nos collaborateurs et de nos clients est essentielle.[\/vc_column_text][\/vc_column_inner][vc_column_inner width=&#8221;1\/2&#8243; css=&#8221;.vc_custom_1648727277993{padding-top: 100px !important;padding-bottom: 100px !important;background-color: #d9cef7 !important;}&#8221;][vc_custom_heading text=&#8221;PERFORMANCE&#8221; font_container=&#8221;tag:h2|text_align:center|color:%23481ea7&#8243; use_theme_fonts=&#8221;yes&#8221; css_animation=&#8221;fadeInRightBig&#8221;][vc_column_text css_animation=&#8221;fadeInRightBig&#8221; css=&#8221;.vc_custom_1677533498350{padding-right: 70px !important;padding-left: 50px !important;}&#8221;]La qu\u00eate de r\u00e9sultat c&#8217;est ce qui nous anime le plus pendant et apr\u00e8s les missions chez nos clients. Innover, cr\u00e9er de la valeur et satisfaire nos clients tel est l&#8217;objectif vis\u00e9 par notre cabinet. La performance c&#8217;est prendre du plaisir dans son travail, atteindre ses objectifs \u00e0 partir des moyens mis \u00e0 disposition. Apporter des solutions concr\u00e8tes issues de notre exp\u00e9rience et de notre expertise. Ce qui constitue l&#8217;efficience et l&#8217;efficacit\u00e9.[\/vc_column_text][\/vc_column_inner][\/vc_row_inner][vc_row_inner equal_height=&#8221;yes&#8221;][vc_column_inner width=&#8221;1\/2&#8243; css=&#8221;.vc_custom_1648727293924{padding-top: 100px !important;padding-bottom: 100px !important;background-color: #d9cef7 !important;}&#8221;][vc_custom_heading text=&#8221;ESPRIT D&#8217;EQUIPE&#8221; font_container=&#8221;tag:h2|text_align:center|color:%23481ea7&#8243; use_theme_fonts=&#8221;yes&#8221; css_animation=&#8221;fadeInLeftBig&#8221;][vc_column_text css_animation=&#8221;fadeInLeftBig&#8221; css=&#8221;.vc_custom_1648732129489{padding-right: 50px !important;padding-left: 50px !important;}&#8221;]Chez LAMS, au del\u00e0 des talents individuels, c&#8217;est l&#8217;intelligence collective qui prime.<br \/>\nNous partageons la culture de la co-cr\u00e9ation. L&#8217;\u00e9coute, la confiance, la coh\u00e9sion et l&#8217;esprit collaboratif des consultants sont essentiels pour favoriser un climat<br \/>\nde travail passionnant et efficace[\/vc_column_text][\/vc_column_inner][vc_column_inner width=&#8221;1\/2&#8243; css=&#8221;.vc_custom_1648727334453{padding-top: 100px !important;padding-bottom: 100px !important;}&#8221;][vc_custom_heading text=&#8221;ETHIQUE&#8221; font_container=&#8221;tag:h2|text_align:center|color:%23481ea7&#8243; use_theme_fonts=&#8221;yes&#8221; css_animation=&#8221;fadeInRightBig&#8221;][vc_column_text css_animation=&#8221;fadeInRightBig&#8221; css=&#8221;.vc_custom_1649258683524{padding-right: 70px !important;padding-left: 50px !important;}&#8221;]Nous avons un code \u00e9thique qui se veut respectueux de l&#8217;environnement et de la confidentialit\u00e9 des donn\u00e9es client et personnelle.\u00a0 Nous partageons la responsabilit\u00e9 collective de respecter, promouvoir et appliquer les principes de bonne conduite morale et professionnelle vis \u00e0 vis des coll\u00e8gues, de nos clients, de nos partenaires et concurrents.[\/vc_column_text][\/vc_column_inner][\/vc_row_inner][\/vc_column][\/vc_row][vc_row equal_height=&#8221;yes&#8221;][vc_column parallax=&#8221;content-moving-fade&#8221; parallax_image=&#8221;756&#8243; css_animation=&#8221;fadeInLeftBig&#8221; width=&#8221;1\/4&#8243; css=&#8221;.vc_custom_1750952888671{padding-top: 250px !important;padding-bottom: 150px !important;}&#8221;][\/vc_column][vc_column width=&#8221;1\/2&#8243; css=&#8221;.vc_custom_1648838066967{padding-top: 100px !important;background-color: #d9cef7 !important;}&#8221;][vc_custom_heading text=&#8221;Moussa OULAR\u00c9 :&#8221; font_container=&#8221;tag:h2|text_align:left|color:%23481ea7&#8243; use_theme_fonts=&#8221;yes&#8221; css_animation=&#8221;fadeInRightBig&#8221; css=&#8221;.vc_custom_1648732043618{padding-right: 70px !important;padding-left: 50px !important;}&#8221;][vc_custom_heading text=&#8221;Fondateur&#8221; font_container=&#8221;tag:h4|text_align:left&#8221; use_theme_fonts=&#8221;yes&#8221; css_animation=&#8221;fadeInRightBig&#8221; css=&#8221;.vc_custom_1749478675535{padding-right: 70px !important;padding-left: 50px !important;}&#8221;][vc_column_text css_animation=&#8221;fadeInRightBig&#8221; css=&#8221;.vc_custom_1750952842764{padding-right: 70px !important;padding-left: 50px !important;}&#8221;]Environ quinze ann\u00e9es d&#8217;exp\u00e9riences professionnelles au sein de grands groupes internationaux.<br \/>\nConsultant ind\u00e9pendant en Achats &#038; Supply Chain\u00a0 \u00a0 \u00a0 \u00a0 \u00a0 \u00a0 \u00a0 \u00a0 \u00a0 \u00a0 \u00a0 \u00a0 \u00a0 \u00a0 \u00a0 \u00a0 \u00a0 \u00a0 \u00a0 \u00a0 \u00a0 \u00a0 \u00a0 \u00a0 \u00a0 \u00a0 \u00a0 <em>Certifi\u00e9 ICDL Data Management &#038; Green BELT Achats RSE<\/em>[\/vc_column_text][\/vc_column][\/vc_row]<\/p>\n<\/div>","protected":false},"excerpt":{"rendered":"<p>[vc_row equal_height=&#8221;yes&#8221; css=&#8221;.vc_custom_1648838284600{background-color: #d9cef7 !important;}&#8221;][vc_column width=&#8221;1\/2&#8243;][vc_single_image image=&#8221;746&#8243; img_size=&#8221;full&#8221; alignment=&#8221;center&#8221; style=&#8221;vc_box_shadow_3d&#8221; onclick=&#8221;zoom&#8221; css_animation=&#8221;fadeInLeftBig&#8221;][\/vc_column][vc_column width=&#8221;1\/2&#8243; css=&#8221;.vc_custom_1648838470575{padding-right: 50px !important;padding-left: 50px !important;}&#8221;][vc_custom_heading text=&#8221;QUI SOMMES NOUS&#8221; use_theme_fonts=&#8221;yes&#8221; css_animation=&#8221;fadeInRightBig&#8221; css=&#8221;.vc_custom_1648809751765{padding-top: 50px !important;padding-right: 50px !important;padding-bottom: 50px !important;padding-left: 50px !important;}&#8221;][vc_column_text css_animation=&#8221;fadeInRightBig&#8221; css=&#8221;.vc_custom_1750954757463{padding-right: 50px !important;padding-left: 50px !important;}&#8221;]Cr\u00e9\u00e9 en janvier 2022 notre vocation est d&#8217;apporter de la valeur pour nos clients, de les accompagner dans [&hellip;]<\/p>\n","protected":false},"author":1,"featured_media":691,"parent":0,"menu_order":0,"comment_status":"closed","ping_status":"closed","template":"","meta":{"footnotes":""},"class_list":["post-45","page","type-page","status-publish","has-post-thumbnail","hentry"],"_links":{"self":[{"href":"https:\/\/lams-consulting.com\/en\/wp-json\/wp\/v2\/pages\/45","targetHints":{"allow":["GET"]}}],"collection":[{"href":"https:\/\/lams-consulting.com\/en\/wp-json\/wp\/v2\/pages"}],"about":[{"href":"https:\/\/lams-consulting.com\/en\/wp-json\/wp\/v2\/types\/page"}],"author":[{"embeddable":true,"href":"https:\/\/lams-consulting.com\/en\/wp-json\/wp\/v2\/users\/1"}],"replies":[{"embeddable":true,"href":"https:\/\/lams-consulting.com\/en\/wp-json\/wp\/v2\/comments?post=45"}],"version-history":[{"count":16,"href":"https:\/\/lams-consulting.com\/en\/wp-json\/wp\/v2\/pages\/45\/revisions"}],"predecessor-version":[{"id":2294,"href":"https:\/\/lams-consulting.com\/en\/wp-json\/wp\/v2\/pages\/45\/revisions\/2294"}],"wp:featuredmedia":[{"embeddable":true,"href":"https:\/\/lams-consulting.com\/en\/wp-json\/wp\/v2\/media\/691"}],"wp:attachment":[{"href":"https:\/\/lams-consulting.com\/en\/wp-json\/wp\/v2\/media?parent=45"}],"curies":[{"name":"wp","href":"https:\/\/api.w.org\/{rel}","templated":true}]}}